{"id":19,"date":"2025-11-04T07:42:35","date_gmt":"2025-11-04T10:42:35","guid":{"rendered":"http:\/\/unidoscontraafome.org\/index.php\/make-the-difference-today-with-charity\/"},"modified":"2025-11-04T07:58:49","modified_gmt":"2025-11-04T10:58:49","slug":"make-the-difference-today-with-charity","status":"publish","type":"page","link":"https:\/\/unidoscontraafome.org\/index.php\/make-the-difference-today-with-charity\/","title":{"rendered":"Pequenos gestos, grandes mudan\u00e7as"},"content":{"rendered":"\n<p>\u00c0s vezes, fazer a diferen\u00e7a come\u00e7a com algo simples: doar um alimento, compartilhar uma refei\u00e7\u00e3o ou dedicar um pouco do seu tempo.<br>A caridade \u00e9 o elo que une cora\u00e7\u00f5es e transforma o imposs\u00edvel em esperan\u00e7a. \ud83d\udc9b<br><strong>Doe, participe, compartilhe \u2014 cada a\u00e7\u00e3o conta!<\/strong><\/p>\n\n\n\n<p>#Fa\u00e7aADiferen\u00e7a #UnidosContraAFome #Solidariedade<\/p>\n","protected":false},"excerpt":{"rendered":"<p>\u00c0s vezes, fazer a diferen\u00e7a come\u00e7a com algo simples: doar um alimento, compartilhar uma refei\u00e7\u00e3o ou dedicar um pouco do seu tempo.A caridade \u00e9 o elo que une cora\u00e7\u00f5es e transforma o imposs\u00edvel em esperan\u00e7a. \ud83d\udc9bDoe, participe, compartilhe \u2014 cada a\u00e7\u00e3o conta! #Fa\u00e7aADiferen\u00e7a #UnidosContraAFome #Solidariedade<\/p>\n","protected":false},"author":1,"featured_media":0,"parent":0,"menu_order":0,"comment_status":"closed","ping_status":"closed","template":"","meta":{"footnotes":""},"class_list":["post-19","page","type-page","status-publish","hentry"],"_links":{"self":[{"href":"https:\/\/unidoscontraafome.org\/index.php\/wp-json\/wp\/v2\/pages\/19","targetHints":{"allow":["GET"]}}],"collection":[{"href":"https:\/\/unidoscontraafome.org\/index.php\/wp-json\/wp\/v2\/pages"}],"about":[{"href":"https:\/\/unidoscontraafome.org\/index.php\/wp-json\/wp\/v2\/types\/page"}],"author":[{"embeddable":true,"href":"https:\/\/unidoscontraafome.org\/index.php\/wp-json\/wp\/v2\/users\/1"}],"replies":[{"embeddable":true,"href":"https:\/\/unidoscontraafome.org\/index.php\/wp-json\/wp\/v2\/comments?post=19"}],"version-history":[{"count":1,"href":"https:\/\/unidoscontraafome.org\/index.php\/wp-json\/wp\/v2\/pages\/19\/revisions"}],"predecessor-version":[{"id":39,"href":"https:\/\/unidoscontraafome.org\/index.php\/wp-json\/wp\/v2\/pages\/19\/revisions\/39"}],"wp:attachment":[{"href":"https:\/\/unidoscontraafome.org\/index.php\/wp-json\/wp\/v2\/media?parent=19"}],"curies":[{"name":"wp","href":"https:\/\/api.w.org\/{rel}","templated":true}]}}