{"id":20,"date":"2025-11-04T07:42:35","date_gmt":"2025-11-04T10:42:35","guid":{"rendered":"http:\/\/unidoscontraafome.org\/index.php\/make-the-difference-today-with-charity-2\/"},"modified":"2025-11-04T07:59:43","modified_gmt":"2025-11-04T10:59:43","slug":"make-the-difference-today-with-charity-2","status":"publish","type":"page","link":"https:\/\/unidoscontraafome.org\/index.php\/make-the-difference-today-with-charity-2\/","title":{"rendered":"Ser solid\u00e1rio \u00e9 um ato de coragem"},"content":{"rendered":"\n<p>Num mundo onde muitos olham apenas para si, estender a m\u00e3o \u00e9 um ato de coragem e empatia.<br>A caridade n\u00e3o \u00e9 apenas sobre doa\u00e7\u00e3o \u2014 \u00e9 sobre acreditar que juntos podemos mudar vidas.<br><strong>Fa\u00e7a parte dessa transforma\u00e7\u00e3o. Seja a diferen\u00e7a que o mundo precisa!<\/strong><\/p>\n\n\n\n<p>#Esperan\u00e7a #A\u00e7\u00e3oSolid\u00e1ria #UnidosContraAFome<\/p>\n","protected":false},"excerpt":{"rendered":"<p>Num mundo onde muitos olham apenas para si, estender a m\u00e3o \u00e9 um ato de coragem e empatia.A caridade n\u00e3o \u00e9 apenas sobre doa\u00e7\u00e3o \u2014 \u00e9 sobre acreditar que juntos podemos mudar vidas.Fa\u00e7a parte dessa transforma\u00e7\u00e3o. Seja a diferen\u00e7a que o mundo precisa! #Esperan\u00e7a #A\u00e7\u00e3oSolid\u00e1ria #UnidosContraAFome<\/p>\n","protected":false},"author":1,"featured_media":0,"parent":0,"menu_order":0,"comment_status":"closed","ping_status":"closed","template":"","meta":{"footnotes":""},"class_list":["post-20","page","type-page","status-publish","hentry"],"_links":{"self":[{"href":"https:\/\/unidoscontraafome.org\/index.php\/wp-json\/wp\/v2\/pages\/20","targetHints":{"allow":["GET"]}}],"collection":[{"href":"https:\/\/unidoscontraafome.org\/index.php\/wp-json\/wp\/v2\/pages"}],"about":[{"href":"https:\/\/unidoscontraafome.org\/index.php\/wp-json\/wp\/v2\/types\/page"}],"author":[{"embeddable":true,"href":"https:\/\/unidoscontraafome.org\/index.php\/wp-json\/wp\/v2\/users\/1"}],"replies":[{"embeddable":true,"href":"https:\/\/unidoscontraafome.org\/index.php\/wp-json\/wp\/v2\/comments?post=20"}],"version-history":[{"count":1,"href":"https:\/\/unidoscontraafome.org\/index.php\/wp-json\/wp\/v2\/pages\/20\/revisions"}],"predecessor-version":[{"id":41,"href":"https:\/\/unidoscontraafome.org\/index.php\/wp-json\/wp\/v2\/pages\/20\/revisions\/41"}],"wp:attachment":[{"href":"https:\/\/unidoscontraafome.org\/index.php\/wp-json\/wp\/v2\/media?parent=20"}],"curies":[{"name":"wp","href":"https:\/\/api.w.org\/{rel}","templated":true}]}}