{"id":21,"date":"2025-11-04T07:42:35","date_gmt":"2025-11-04T10:42:35","guid":{"rendered":"http:\/\/unidoscontraafome.org\/index.php\/make-the-difference-today-with-charity-3\/"},"modified":"2025-11-04T07:59:23","modified_gmt":"2025-11-04T10:59:23","slug":"make-the-difference-today-with-charity-3","status":"publish","type":"page","link":"https:\/\/unidoscontraafome.org\/index.php\/make-the-difference-today-with-charity-3\/","title":{"rendered":"A caridade alimenta mais do que o corpo"},"content":{"rendered":"\n<p>Quando ajudamos, alimentamos tamb\u00e9m a alma.<br>Um gesto de amor pode encher um prato, aquecer um cora\u00e7\u00e3o e inspirar outras pessoas a fazerem o mesmo.<br><strong>A fome s\u00f3 existe onde falta uni\u00e3o. Junte-se a n\u00f3s!<\/strong><\/p>\n\n\n\n<p>#Caridade #Combate\u00c0Fome #UnidosPeloBem<\/p>\n","protected":false},"excerpt":{"rendered":"<p>Quando ajudamos, alimentamos tamb\u00e9m a alma.Um gesto de amor pode encher um prato, aquecer um cora\u00e7\u00e3o e inspirar outras pessoas a fazerem o mesmo.A fome s\u00f3 existe onde falta uni\u00e3o. Junte-se a n\u00f3s! #Caridade #Combate\u00c0Fome #UnidosPeloBem<\/p>\n","protected":false},"author":1,"featured_media":0,"parent":0,"menu_order":0,"comment_status":"closed","ping_status":"closed","template":"","meta":{"footnotes":""},"class_list":["post-21","page","type-page","status-publish","hentry"],"_links":{"self":[{"href":"https:\/\/unidoscontraafome.org\/index.php\/wp-json\/wp\/v2\/pages\/21","targetHints":{"allow":["GET"]}}],"collection":[{"href":"https:\/\/unidoscontraafome.org\/index.php\/wp-json\/wp\/v2\/pages"}],"about":[{"href":"https:\/\/unidoscontraafome.org\/index.php\/wp-json\/wp\/v2\/types\/page"}],"author":[{"embeddable":true,"href":"https:\/\/unidoscontraafome.org\/index.php\/wp-json\/wp\/v2\/users\/1"}],"replies":[{"embeddable":true,"href":"https:\/\/unidoscontraafome.org\/index.php\/wp-json\/wp\/v2\/comments?post=21"}],"version-history":[{"count":1,"href":"https:\/\/unidoscontraafome.org\/index.php\/wp-json\/wp\/v2\/pages\/21\/revisions"}],"predecessor-version":[{"id":40,"href":"https:\/\/unidoscontraafome.org\/index.php\/wp-json\/wp\/v2\/pages\/21\/revisions\/40"}],"wp:attachment":[{"href":"https:\/\/unidoscontraafome.org\/index.php\/wp-json\/wp\/v2\/media?parent=21"}],"curies":[{"name":"wp","href":"https:\/\/api.w.org\/{rel}","templated":true}]}}