{"id":8,"date":"2025-11-04T07:42:34","date_gmt":"2025-11-04T10:42:34","guid":{"rendered":"http:\/\/unidoscontraafome.org\/index.php\/about-us\/"},"modified":"2025-11-04T07:52:19","modified_gmt":"2025-11-04T10:52:19","slug":"sobre-nos","status":"publish","type":"page","link":"https:\/\/unidoscontraafome.org\/index.php\/sobre-nos\/","title":{"rendered":"Sobre n\u00f3s"},"content":{"rendered":"\n<p>O <strong>Unidos Contra a Fome<\/strong> \u00e9 uma organiza\u00e7\u00e3o n\u00e3o governamental, sem fins lucrativos, que acredita no poder da solidariedade para transformar realidades. Nossa miss\u00e3o \u00e9 combater a fome e a inseguran\u00e7a alimentar, levando alimentos, apoio e esperan\u00e7a a fam\u00edlias em situa\u00e7\u00e3o de vulnerabilidade.<\/p>\n\n\n\n<p>Acreditamos que nenhum prato deve ficar vazio e que, juntos, podemos construir um futuro mais digno e humano. Trabalhamos com volunt\u00e1rios, parceiros e doadores que compartilham o mesmo prop\u00f3sito: unir for\u00e7as para reduzir a fome e promover a inclus\u00e3o social.<\/p>\n\n\n\n<p>Cada doa\u00e7\u00e3o, cada gesto e cada voz que se soma \u00e0 nossa causa faz a diferen\u00e7a. Porque quando nos unimos contra a fome, alimentamos muito mais do que corpos \u2014 alimentamos vidas e sonhos.<\/p>\n","protected":false},"excerpt":{"rendered":"<p>O Unidos Contra a Fome \u00e9 uma organiza\u00e7\u00e3o n\u00e3o governamental, sem fins lucrativos, que acredita no poder da solidariedade para transformar realidades. Nossa miss\u00e3o \u00e9 combater a fome e a inseguran\u00e7a alimentar, levando alimentos, apoio e esperan\u00e7a a fam\u00edlias em situa\u00e7\u00e3o de vulnerabilidade. Acreditamos que nenhum prato deve ficar vazio e que, juntos, podemos construir [&hellip;]<\/p>\n","protected":false},"author":1,"featured_media":0,"parent":0,"menu_order":0,"comment_status":"closed","ping_status":"closed","template":"","meta":{"footnotes":""},"class_list":["post-8","page","type-page","status-publish","hentry"],"_links":{"self":[{"href":"https:\/\/unidoscontraafome.org\/index.php\/wp-json\/wp\/v2\/pages\/8","targetHints":{"allow":["GET"]}}],"collection":[{"href":"https:\/\/unidoscontraafome.org\/index.php\/wp-json\/wp\/v2\/pages"}],"about":[{"href":"https:\/\/unidoscontraafome.org\/index.php\/wp-json\/wp\/v2\/types\/page"}],"author":[{"embeddable":true,"href":"https:\/\/unidoscontraafome.org\/index.php\/wp-json\/wp\/v2\/users\/1"}],"replies":[{"embeddable":true,"href":"https:\/\/unidoscontraafome.org\/index.php\/wp-json\/wp\/v2\/comments?post=8"}],"version-history":[{"count":1,"href":"https:\/\/unidoscontraafome.org\/index.php\/wp-json\/wp\/v2\/pages\/8\/revisions"}],"predecessor-version":[{"id":32,"href":"https:\/\/unidoscontraafome.org\/index.php\/wp-json\/wp\/v2\/pages\/8\/revisions\/32"}],"wp:attachment":[{"href":"https:\/\/unidoscontraafome.org\/index.php\/wp-json\/wp\/v2\/media?parent=8"}],"curies":[{"name":"wp","href":"https:\/\/api.w.org\/{rel}","templated":true}]}}