{"id":9,"date":"2025-11-04T07:42:34","date_gmt":"2025-11-04T10:42:34","guid":{"rendered":"http:\/\/unidoscontraafome.org\/index.php\/causes\/"},"modified":"2025-11-04T07:55:48","modified_gmt":"2025-11-04T10:55:48","slug":"causas","status":"publish","type":"page","link":"https:\/\/unidoscontraafome.org\/index.php\/causas\/","title":{"rendered":"Causas"},"content":{"rendered":"\n<h4 class=\"wp-block-heading\">1. Combate \u00e0 Fome<\/h4>\n\n\n\n<p>Trabalhamos para garantir que fam\u00edlias em situa\u00e7\u00e3o de vulnerabilidade tenham acesso a alimentos de qualidade. Promovemos campanhas de arrecada\u00e7\u00e3o, distribui\u00e7\u00e3o de cestas b\u00e1sicas e incentivo \u00e0 agricultura comunit\u00e1ria.<\/p>\n\n\n\n<h4 class=\"wp-block-heading\">2. Apoio \u00e0 Inf\u00e2ncia<\/h4>\n\n\n\n<p>Acreditamos que nenhuma crian\u00e7a deve crescer com fome. Desenvolvemos a\u00e7\u00f5es voltadas \u00e0 nutri\u00e7\u00e3o infantil, educa\u00e7\u00e3o alimentar e suporte a abrigos e institui\u00e7\u00f5es que cuidam de crian\u00e7as e adolescentes.<\/p>\n\n\n\n<h4 class=\"wp-block-heading\">3. Inclus\u00e3o Social e Gera\u00e7\u00e3o de Renda<\/h4>\n\n\n\n<p>Mais do que doar, queremos transformar. Incentivamos projetos que promovem capacita\u00e7\u00e3o, empreendedorismo e oportunidades de trabalho para fam\u00edlias que buscam recome\u00e7ar com dignidade.<\/p>\n\n\n\n<p><\/p>\n","protected":false},"excerpt":{"rendered":"<p>1. Combate \u00e0 Fome Trabalhamos para garantir que fam\u00edlias em situa\u00e7\u00e3o de vulnerabilidade tenham acesso a alimentos de qualidade. Promovemos campanhas de arrecada\u00e7\u00e3o, distribui\u00e7\u00e3o de cestas b\u00e1sicas e incentivo \u00e0 agricultura comunit\u00e1ria. 2. Apoio \u00e0 Inf\u00e2ncia Acreditamos que nenhuma crian\u00e7a deve crescer com fome. Desenvolvemos a\u00e7\u00f5es voltadas \u00e0 nutri\u00e7\u00e3o infantil, educa\u00e7\u00e3o alimentar e suporte a [&hellip;]<\/p>\n","protected":false},"author":1,"featured_media":0,"parent":0,"menu_order":0,"comment_status":"closed","ping_status":"closed","template":"","meta":{"footnotes":""},"class_list":["post-9","page","type-page","status-publish","hentry"],"_links":{"self":[{"href":"https:\/\/unidoscontraafome.org\/index.php\/wp-json\/wp\/v2\/pages\/9","targetHints":{"allow":["GET"]}}],"collection":[{"href":"https:\/\/unidoscontraafome.org\/index.php\/wp-json\/wp\/v2\/pages"}],"about":[{"href":"https:\/\/unidoscontraafome.org\/index.php\/wp-json\/wp\/v2\/types\/page"}],"author":[{"embeddable":true,"href":"https:\/\/unidoscontraafome.org\/index.php\/wp-json\/wp\/v2\/users\/1"}],"replies":[{"embeddable":true,"href":"https:\/\/unidoscontraafome.org\/index.php\/wp-json\/wp\/v2\/comments?post=9"}],"version-history":[{"count":2,"href":"https:\/\/unidoscontraafome.org\/index.php\/wp-json\/wp\/v2\/pages\/9\/revisions"}],"predecessor-version":[{"id":37,"href":"https:\/\/unidoscontraafome.org\/index.php\/wp-json\/wp\/v2\/pages\/9\/revisions\/37"}],"wp:attachment":[{"href":"https:\/\/unidoscontraafome.org\/index.php\/wp-json\/wp\/v2\/media?parent=9"}],"curies":[{"name":"wp","href":"https:\/\/api.w.org\/{rel}","templated":true}]}}